{"id":1839,"date":"2018-02-12T12:38:27","date_gmt":"2018-02-12T11:38:27","guid":{"rendered":"https:\/\/www.tangoshoes.it\/?page_id=1839"},"modified":"2018-02-12T12:38:27","modified_gmt":"2018-02-12T11:38:27","slug":"consegna-e-spedizione","status":"publish","type":"page","link":"https:\/\/www.tangoshoes.it\/it\/consegna-e-spedizione\/","title":{"rendered":"Consegna e Spedizione"},"content":{"rendered":"<p>[vc_row][vc_column][vc_column_text]I Costi per le Spese di spedizione sono i seguenti.<\/p>\n<ul>\n<li>Italia:<strong> \u20ac9,50<\/strong><\/li>\n<li>Paesi della Unione Europea:<strong> \u20ac24,00<\/strong><\/li>\n<\/ul>\n<p>Il costo di spedizione al di fuori dei Paesi della UE sar\u00e0 preventivato e comunicato prima della produzione della scarpa e cambia da paese a paese.<\/p>\n<h4>Modalit\u00e0 di consegna<\/h4>\n<p>La spedizione avviene a mezzo corriere espresso nazionale o internazionale; i tempi di consegna per l\u2019Italia vanno dalle 24 alle 48 ore nei giorni lavorativi e per l&#8217;Europa dai 3 ai 4 giorni lavorativi.<\/p>\n<p>I nostri pacchi viaggiano in Porto Franco, salvo diverse comunicazioni nessun costo \u00e8 dovuto al corriere.<\/p>\n<p>I corrieri consegnano dalle 9:00 alle 17:00. Purtroppo non \u00e8 possibile concordare un orario specifico e per il ritiro del pacco \u00e8 necessario firmare.<\/p>\n<p>Se siete impossibilitati a garantire una presenza in questa fascia oraria Vi chiediamo di contattarci per trovare soluzioni alternative.<\/p>\n<p>Una volta ricevuto il pacco vi invitiamo a controllare l&#8217;integrit\u00e0 dell&#8217;imballaggio e possibili danni al contenuto. BelliSSSima non \u00e8 responsabile per i danni avvenuti alla merce dopo il ritiro, n\u00e9 per ritardi di consegna causati dai corrieri.[\/vc_column_text][\/vc_column][\/vc_row]<\/p>\n","protected":false},"excerpt":{"rendered":"<p>[vc_row][vc_column][vc_column_text]I Costi per le Spese di spedizione sono i seguenti. Italia: \u20ac9,50 Paesi della Unione Europea: \u20ac24,00 Il costo di spedizione al di fuori dei Paesi della UE sar\u00e0 preventivato e comunicato prima della produzione della scarpa e cambia da paese a paese. Modalit\u00e0 di consegna La spedizione avviene a mezzo corriere espresso nazionale o [&hellip;]<\/p>\n","protected":false},"author":1,"featured_media":0,"parent":0,"menu_order":0,"comment_status":"closed","ping_status":"closed","template":"","meta":{"footnotes":""},"class_list":["post-1839","page","type-page","status-publish","hentry"],"_links":{"self":[{"href":"https:\/\/www.tangoshoes.it\/it\/wp-json\/wp\/v2\/pages\/1839","targetHints":{"allow":["GET"]}}],"collection":[{"href":"https:\/\/www.tangoshoes.it\/it\/wp-json\/wp\/v2\/pages"}],"about":[{"href":"https:\/\/www.tangoshoes.it\/it\/wp-json\/wp\/v2\/types\/page"}],"author":[{"embeddable":true,"href":"https:\/\/www.tangoshoes.it\/it\/wp-json\/wp\/v2\/users\/1"}],"replies":[{"embeddable":true,"href":"https:\/\/www.tangoshoes.it\/it\/wp-json\/wp\/v2\/comments?post=1839"}],"version-history":[{"count":1,"href":"https:\/\/www.tangoshoes.it\/it\/wp-json\/wp\/v2\/pages\/1839\/revisions"}],"predecessor-version":[{"id":1840,"href":"https:\/\/www.tangoshoes.it\/it\/wp-json\/wp\/v2\/pages\/1839\/revisions\/1840"}],"wp:attachment":[{"href":"https:\/\/www.tangoshoes.it\/it\/wp-json\/wp\/v2\/media?parent=1839"}],"curies":[{"name":"wp","href":"https:\/\/api.w.org\/{rel}","templated":true}]}}